{"id":20,"date":"2019-10-26T19:29:24","date_gmt":"2019-10-26T18:29:24","guid":{"rendered":"http:\/\/levareko.se\/?page_id=20"},"modified":"2019-10-26T19:30:32","modified_gmt":"2019-10-26T18:30:32","slug":"om-sidan","status":"publish","type":"page","link":"https:\/\/levareko.se\/?page_id=20","title":{"rendered":"Om sidan"},"content":{"rendered":"\n<figure class=\"wp-block-image\"><img loading=\"lazy\" width=\"1024\" height=\"684\" src=\"http:\/\/levareko.se\/wp-content\/uploads\/2019\/10\/DIY-1-1024x684.jpg\" alt=\"\" class=\"wp-image-22\" srcset=\"https:\/\/levareko.se\/wp-content\/uploads\/2019\/10\/DIY-1-1024x684.jpg 1024w, https:\/\/levareko.se\/wp-content\/uploads\/2019\/10\/DIY-1-300x200.jpg 300w, https:\/\/levareko.se\/wp-content\/uploads\/2019\/10\/DIY-1-768x513.jpg 768w, https:\/\/levareko.se\/wp-content\/uploads\/2019\/10\/DIY-1-1600x1069.jpg 1600w\" sizes=\"(max-width: 1024px) 100vw, 1024px\" \/><\/figure>\n\n\n\n<p>DIY (Do it yourself) blir allt mer popul\u00e4rt i Sverige. Det kr\u00e4ver tid och kreativitet men k\u00e4nslan av att man lyckats med n\u00e5got som m\u00e5nga inte t\u00e4nkt p\u00e5 \u00e4r en v\u00e4ldigt h\u00e4rlig k\u00e4nsla. DIY t\u00e4cker stora omr\u00e5den och kan handla om allt ifr\u00e5n tr\u00e5d och tyg till bil och mek. <\/p>\n\n\n\n<p>Om du \u00e4r nyfiken och vill veta mer om DIY s\u00e5 b\u00f6r du f\u00f6lja denna sida d\u00e4r jag delar med mig av mina tips samt \u00e4ven generella tips som finns ute p\u00e5 n\u00e4tet. <\/p>\n\n\n\n<p>Vill du komma i kontakt med mig? Mejla mig p\u00e5 johanna@levareko.se, kram!<\/p>\n\n\n\n<p><\/p>\n","protected":false},"excerpt":{"rendered":"<p>DIY (Do it yourself) blir allt mer popul\u00e4rt i Sverige. Det kr\u00e4ver tid och kreativitet men k\u00e4nslan av att man&hellip;<\/p>\n","protected":false},"author":1,"featured_media":0,"parent":0,"menu_order":0,"comment_status":"closed","ping_status":"closed","template":"","meta":[],"_links":{"self":[{"href":"https:\/\/levareko.se\/index.php?rest_route=\/wp\/v2\/pages\/20"}],"collection":[{"href":"https:\/\/levareko.se\/index.php?rest_route=\/wp\/v2\/pages"}],"about":[{"href":"https:\/\/levareko.se\/index.php?rest_route=\/wp\/v2\/types\/page"}],"author":[{"embeddable":true,"href":"https:\/\/levareko.se\/index.php?rest_route=\/wp\/v2\/users\/1"}],"replies":[{"embeddable":true,"href":"https:\/\/levareko.se\/index.php?rest_route=%2Fwp%2Fv2%2Fcomments&post=20"}],"version-history":[{"count":3,"href":"https:\/\/levareko.se\/index.php?rest_route=\/wp\/v2\/pages\/20\/revisions"}],"predecessor-version":[{"id":24,"href":"https:\/\/levareko.se\/index.php?rest_route=\/wp\/v2\/pages\/20\/revisions\/24"}],"wp:attachment":[{"href":"https:\/\/levareko.se\/index.php?rest_route=%2Fwp%2Fv2%2Fmedia&parent=20"}],"curies":[{"name":"wp","href":"https:\/\/api.w.org\/{rel}","templated":true}]}}